






{"id":3957,"date":"2026-01-06T11:19:24","date_gmt":"2026-01-06T11:19:24","guid":{"rendered":"https:\/\/windsoristanbul.com\/?page_id=3957"},"modified":"2026-03-30T09:49:25","modified_gmt":"2026-03-30T09:49:25","slug":"surdurulebilir-satin-alma-politikasi","status":"publish","type":"page","link":"https:\/\/windsoristanbul.com\/en\/surdurulebilir-satin-alma-politikasi\/","title":{"rendered":"Sustainability"},"content":{"rendered":"<div data-elementor-type=\"wp-page\" data-elementor-id=\"3957\" class=\"elementor elementor-3957\">\n\t\t\t\t<div class=\"elementor-element elementor-element-676d3a82 e-flex e-con-boxed e-con e-parent\" data-id=\"676d3a82\" data-element_type=\"container\" data-settings=\"{&quot;hoteller_ext_is_background_parallax&quot;:&quot;false&quot;,&quot;hoteller_ext_is_background_backdrop&quot;:&quot;false&quot;,&quot;hoteller_ext_is_background_on_scroll&quot;:&quot;false&quot;,&quot;hoteller_ext_link_sidemenu&quot;:&quot;false&quot;,&quot;hoteller_ext_link_fullmenu&quot;:&quot;false&quot;,&quot;hoteller_ext_link_closed_fullmenu&quot;:&quot;false&quot;,&quot;hoteller_ext_is_scrollme&quot;:&quot;false&quot;,&quot;hoteller_ext_is_smoove&quot;:&quot;false&quot;,&quot;hoteller_ext_is_parallax_mouse&quot;:&quot;false&quot;,&quot;hoteller_ext_is_infinite&quot;:&quot;false&quot;,&quot;hoteller_ext_is_fadeout_animation&quot;:&quot;false&quot;,&quot;hoteller_ext_mobile_static&quot;:&quot;false&quot;}\">\n\t\t\t\t\t<div class=\"e-con-inner\">\n\t\t\t\t<div class=\"elementor-element elementor-element-1e42a506 elementor-widget elementor-widget-text-editor\" data-id=\"1e42a506\" data-element_type=\"widget\" data-settings=\"{&quot;hoteller_ext_link_sidemenu&quot;:&quot;false&quot;,&quot;hoteller_ext_link_fullmenu&quot;:&quot;false&quot;,&quot;hoteller_ext_link_closed_fullmenu&quot;:&quot;false&quot;,&quot;hoteller_ext_is_scrollme&quot;:&quot;false&quot;,&quot;hoteller_ext_is_smoove&quot;:&quot;false&quot;,&quot;hoteller_ext_is_parallax_mouse&quot;:&quot;false&quot;,&quot;hoteller_ext_is_infinite&quot;:&quot;false&quot;,&quot;hoteller_ext_is_fadeout_animation&quot;:&quot;false&quot;,&quot;hoteller_ext_mobile_static&quot;:&quot;false&quot;}\" data-widget_type=\"text-editor.default\">\n\t\t\t\t\t\t\t\t\t\n<p>\u00a0<\/p>\n\n<h2 class=\"wp-block-heading\"><strong>WINDSOR SUSTAINABLE TOURISM POLICY<\/strong><\/h2>\n\n<p>As Windsor, we are aware of the environmental, social, and cultural impacts of tourism activities. We recognize the responsibility that sustainable tourism carries in terms of protecting natural resources, preserving cultural heritage, and enhancing the well-being of local communities.<\/p>\n\n<p>In this regard, we continue our efforts with a continuous improvement approach to reduce environmental impacts arising from our activities, respect human rights, ensure efficient use of energy and water resources, manage waste effectively, and reduce our carbon footprint. At the same time, we aim to support the protection of cultural and social heritage and to pass on the unique values of the destinations in which we operate to future generations.<\/p>\n\n<p>Windsor considers strengthening cooperation with local communities and local producers, and contributing economically and socially to regional development, as fundamental elements of sustainable tourism. While encouraging ethical, fair, and environmentally friendly practices throughout our supply chain, we also attach great importance to increasing sustainability awareness among our employees, guests, and business partners.<\/p>\n\n<p>In line with our corporate values, we aim to effectively manage sustainability risks and ensure sustainable growth through long-term strategies. Within the framework of transparency and accountability principles, we commit to regularly informing our stakeholders about our activities and impacts.<\/p>\n\n<p>In this context, we place great importance on ensuring access for all stakeholders through the sustainability reports we plan to publish annually and on receiving their opinions, suggestions, and contributions throughout our sustainability journey. As Windsor, we will continue to create value for today and the future through a responsible and sustainable tourism approach.<\/p>\n\n<p>In line with our sustainable supply approach, we expect our suppliers and business partners to:<\/p>\n\n<ul class=\"wp-block-list\">\n<li>Have Quality Assurance Management Systems, Environmental and Occupational Health &amp; Safety Management Systems, and internationally recognized environmental and sustainability ethics and\/or certifications,<\/li>\n\n<li>Ensure that their production and supply processes do not cause harmful environmental impacts and comply with environmental legislation,<\/li>\n\n<li>Use and consume resources responsibly without harming nature or ecosystems and comply with hunting bans,<\/li>\n\n<li>Make efforts to minimize waste and manage it properly, and offer reduced packaging or bulk packaging alternatives,<\/li>\n\n<li>Provide environmentally friendly, resource-efficient, local, ethically produced alternatives that use recyclable or recycled materials, and that are organic, bio, vegan, cruelty-free, and free from harmful chemical components,<\/li>\n\n<li>Prefer domestic and local production and service providers,<\/li>\n\n<li>\u00dclkemizin\/b\u00f6lgemizin mutfa\u011f\u0131n\u0131, geleneklerini, k\u00fclt\u00fcr\u00fcn\u00fc yans\u0131tan\/tan\u0131tan \u00fcr\u00fcn\/hizmet olmas\u0131na,<\/li>\n<\/ul>\n\n<p>\u00d6nem verir ve bu bak\u0131\u015f a\u00e7\u0131m\u0131z\u0131 payda\u015f \u00a0tedarik\u00e7ilerimize iletiriz. Tedarik\u00e7ilerimiz ile birlikte verimli sat\u0131n alma f\u0131rsatlar\u0131 yaratmaya \u00e7al\u0131\u015f\u0131r, tedarik s\u00fcre\u00e7lerinden do\u011fan \u00e7evre etkilerini azaltmay\u0131 hedefleriz.<\/p>\n\n<p>\u00a0<\/p>\n\t\t\t\t\t\t\t\t<\/div>\n\t\t\t\t\t<\/div>\n\t\t\t\t<\/div>\n\t\t<div class=\"elementor-element elementor-element-5d2a282 e-flex e-con-boxed e-con e-parent\" data-id=\"5d2a282\" data-element_type=\"container\" data-settings=\"{&quot;hoteller_ext_is_background_parallax&quot;:&quot;false&quot;,&quot;hoteller_ext_is_background_backdrop&quot;:&quot;false&quot;,&quot;hoteller_ext_is_background_on_scroll&quot;:&quot;false&quot;,&quot;hoteller_ext_link_sidemenu&quot;:&quot;false&quot;,&quot;hoteller_ext_link_fullmenu&quot;:&quot;false&quot;,&quot;hoteller_ext_link_closed_fullmenu&quot;:&quot;false&quot;,&quot;hoteller_ext_is_scrollme&quot;:&quot;false&quot;,&quot;hoteller_ext_is_smoove&quot;:&quot;false&quot;,&quot;hoteller_ext_is_parallax_mouse&quot;:&quot;false&quot;,&quot;hoteller_ext_is_infinite&quot;:&quot;false&quot;,&quot;hoteller_ext_is_fadeout_animation&quot;:&quot;false&quot;,&quot;hoteller_ext_mobile_static&quot;:&quot;false&quot;}\">\n\t\t\t\t\t<div class=\"e-con-inner\">\n\t\t\t\t<div class=\"elementor-element elementor-element-7ac0ba9 elementor-widget-divider--view-line elementor-widget elementor-widget-divider\" data-id=\"7ac0ba9\" data-element_type=\"widget\" data-settings=\"{&quot;hoteller_ext_link_sidemenu&quot;:&quot;false&quot;,&quot;hoteller_ext_link_fullmenu&quot;:&quot;false&quot;,&quot;hoteller_ext_link_closed_fullmenu&quot;:&quot;false&quot;,&quot;hoteller_ext_is_scrollme&quot;:&quot;false&quot;,&quot;hoteller_ext_is_smoove&quot;:&quot;false&quot;,&quot;hoteller_ext_is_parallax_mouse&quot;:&quot;false&quot;,&quot;hoteller_ext_is_infinite&quot;:&quot;false&quot;,&quot;hoteller_ext_is_fadeout_animation&quot;:&quot;false&quot;,&quot;hoteller_ext_mobile_static&quot;:&quot;false&quot;}\" data-widget_type=\"divider.default\">\n\t\t\t\t\t\t\t<div class=\"elementor-divider\">\n\t\t\t<span class=\"elementor-divider-separator\">\n\t\t\t\t\t\t<\/span>\n\t\t<\/div>\n\t\t\t\t\t\t<\/div>\n\t\t\t\t\t<\/div>\n\t\t\t\t<\/div>\n\t\t\t\t<\/div>","protected":false},"excerpt":{"rendered":"<p>\u00a0 WINDSOR S\u00dcRD\u00dcR\u00dcLEB\u0130L\u0130R TUR\u0130ZM POL\u0130T\u0130KASI Windsor olarak, turizm faaliyetlerinin \u00e7evresel, sosyal ve k\u00fclt\u00fcrel etkilerinin bilincindeyiz. S\u00fcrd\u00fcr\u00fclebilir turizm anlay\u0131\u015f\u0131n\u0131n; do\u011fal kaynaklar\u0131n korunmas\u0131, k\u00fclt\u00fcrel miras\u0131n ya\u015fat\u0131lmas\u0131 ve yerel topluluklar\u0131n refah\u0131n\u0131n art\u0131r\u0131lmas\u0131 a\u00e7\u0131s\u0131ndan ta\u015f\u0131d\u0131\u011f\u0131 sorumlulu\u011fun fark\u0131nday\u0131z. Bu do\u011frultuda, faaliyetlerimizden kaynaklanan \u00e7evresel etkilerin azalt\u0131lmas\u0131, [&hellip;]<\/p>","protected":false},"author":1,"featured_media":0,"parent":0,"menu_order":0,"comment_status":"closed","ping_status":"closed","template":"elementor_theme","meta":{"footnotes":""},"class_list":["post-3957","page","type-page","status-publish","hentry"],"_links":{"self":[{"href":"https:\/\/windsoristanbul.com\/en\/wp-json\/wp\/v2\/pages\/3957","targetHints":{"allow":["GET"]}}],"collection":[{"href":"https:\/\/windsoristanbul.com\/en\/wp-json\/wp\/v2\/pages"}],"about":[{"href":"https:\/\/windsoristanbul.com\/en\/wp-json\/wp\/v2\/types\/page"}],"author":[{"embeddable":true,"href":"https:\/\/windsoristanbul.com\/en\/wp-json\/wp\/v2\/users\/1"}],"replies":[{"embeddable":true,"href":"https:\/\/windsoristanbul.com\/en\/wp-json\/wp\/v2\/comments?post=3957"}],"version-history":[{"count":22,"href":"https:\/\/windsoristanbul.com\/en\/wp-json\/wp\/v2\/pages\/3957\/revisions"}],"predecessor-version":[{"id":4063,"href":"https:\/\/windsoristanbul.com\/en\/wp-json\/wp\/v2\/pages\/3957\/revisions\/4063"}],"wp:attachment":[{"href":"https:\/\/windsoristanbul.com\/en\/wp-json\/wp\/v2\/media?parent=3957"}],"curies":[{"name":"wp","href":"https:\/\/api.w.org\/{rel}","templated":true}]}}