






{"id":2163,"date":"2025-10-29T11:32:39","date_gmt":"2025-10-29T11:32:39","guid":{"rendered":"https:\/\/windsoristanbul.com\/?page_id=2163"},"modified":"2025-12-03T14:36:07","modified_gmt":"2025-12-03T14:36:07","slug":"kisisel-verilerin-islenmesi-genel-aydinlatma-metni","status":"publish","type":"page","link":"https:\/\/windsoristanbul.com\/en\/kisisel-verilerin-islenmesi-genel-aydinlatma-metni\/","title":{"rendered":"Ki\u015fisel Verilerin \u0130\u015flenmesi Genel Ayd\u0131nlatma Metni"},"content":{"rendered":"<div data-elementor-type=\"wp-page\" data-elementor-id=\"2163\" class=\"elementor elementor-2163\">\n\t\t\t\t<div class=\"elementor-element elementor-element-7c5a615 e-flex e-con-boxed e-con e-parent\" data-id=\"7c5a615\" data-element_type=\"container\" data-settings=\"{&quot;hoteller_ext_is_background_parallax&quot;:&quot;false&quot;,&quot;hoteller_ext_is_background_backdrop&quot;:&quot;false&quot;,&quot;hoteller_ext_is_background_on_scroll&quot;:&quot;false&quot;,&quot;hoteller_ext_link_sidemenu&quot;:&quot;false&quot;,&quot;hoteller_ext_link_fullmenu&quot;:&quot;false&quot;,&quot;hoteller_ext_link_closed_fullmenu&quot;:&quot;false&quot;,&quot;hoteller_ext_is_scrollme&quot;:&quot;false&quot;,&quot;hoteller_ext_is_smoove&quot;:&quot;false&quot;,&quot;hoteller_ext_is_parallax_mouse&quot;:&quot;false&quot;,&quot;hoteller_ext_is_infinite&quot;:&quot;false&quot;,&quot;hoteller_ext_is_fadeout_animation&quot;:&quot;false&quot;,&quot;hoteller_ext_mobile_static&quot;:&quot;false&quot;}\">\n\t\t\t\t\t<div class=\"e-con-inner\">\n\t\t\t\t<div class=\"elementor-element elementor-element-7985749 elementor-widget elementor-widget-text-editor\" data-id=\"7985749\" data-element_type=\"widget\" data-settings=\"{&quot;hoteller_ext_link_sidemenu&quot;:&quot;false&quot;,&quot;hoteller_ext_link_fullmenu&quot;:&quot;false&quot;,&quot;hoteller_ext_link_closed_fullmenu&quot;:&quot;false&quot;,&quot;hoteller_ext_is_scrollme&quot;:&quot;false&quot;,&quot;hoteller_ext_is_smoove&quot;:&quot;false&quot;,&quot;hoteller_ext_is_parallax_mouse&quot;:&quot;false&quot;,&quot;hoteller_ext_is_infinite&quot;:&quot;false&quot;,&quot;hoteller_ext_is_fadeout_animation&quot;:&quot;false&quot;,&quot;hoteller_ext_mobile_static&quot;:&quot;false&quot;}\" data-widget_type=\"text-editor.default\">\n\t\t\t\t\t\t\t\t\t<p>\u0130\u015fbu Ayd\u0131nlatma Beyan\u0131, 6698 say\u0131l\u0131 Ki\u015fisel Verilerin Korunmas\u0131 Kanunu (\u201cKVKK\u201d) Madde 10 uyar\u0131nca d\u00fczenlenmi\u015ftir.<\/p>\n<ul class=\"wp-block-list\">\n<li><strong>VER\u0130 SORUMLUSU<\/strong><\/li>\n<\/ul>\n<p>Veri Sorumlusu \u0130stanbul Ticaret Sicil M\u00fcd\u00fcrl\u00fc\u011f\u00fcne 688561-0 sicil numaras\u0131 ile kay\u0131tl\u0131 ve merkezi \u201c<em>Yenido\u011fan Mah. Erciyes Sok. No:7 Bayrampa\u015fa\/ \u0130stanbul<\/em>\u201d adresinde bulunan \u0130KON YAPI VE GAYR\u0130MENKUL T\u0130CARET A.\u015e. (\u201cWindsor Hotel \u0130stanbul\u201d) unvanl\u0131 t\u00fczel ki\u015filiktir.<\/p>\n<ul class=\"wp-block-list\">\n<li><strong>A\u00c7IKLAMALAR<\/strong><\/li>\n<\/ul>\n<p>Anayasal bir hak olan ki\u015fisel verilerin korunmas\u0131, otelimizin birincil \u00f6ncelikleri aras\u0131nda olup, bu hususta T\u00fcrkiye Cumhuriyeti Anayasas\u0131, \u00fclkemizin taraf oldu\u011fu uluslararas\u0131 s\u00f6zle\u015fmeler ve 6689 say\u0131l\u0131 Ki\u015fisel Verilerin Korunmas\u0131 Kanunu (\u201cKVKK\u201d) ba\u015fta olmak \u00fczere ulusal ve uluslararas\u0131 mevzuatlara uygun hareket etmek i\u00e7in azami \u00e7abay\u0131 g\u00f6stermekteyiz. Veri sorumlusu olarak, m\u00fc\u015fterilerimizin, potansiyel m\u00fc\u015fterilerimizin, personelimizin\/personel adaylar\u0131m\u0131z\u0131n, tedarik\u00e7i\/alt i\u015fveren \u00e7al\u0131\u015fanlar\u0131n\u0131n ve yetkililerinin, \u015firket hissedarlar\u0131m\u0131z\u0131n ve \u015firket ortaklar\u0131m\u0131z\u0131n, ziyaret\u00e7ilerimizin ve ki\u015fisel verilerini i\u015flemekte oldu\u011fumuz \u00fc\u00e7\u00fcnc\u00fc ki\u015filerin ki\u015fisel verilerinin KVKK\u2019ya uygun olarak toplanmas\u0131na, i\u015flenmesine ve imha edilmesine \u00f6nem veriyoruz.<\/p>\n<ul class=\"wp-block-list\">\n<li><strong>\u0130\u015eLENEN K\u0130\u015e\u0130SEL VER\u0130LER\u0130N\u0130Z<\/strong><\/li>\n<\/ul>\n<ul class=\"wp-block-list\">\n<li><strong>Kimlik Verileri :<\/strong>\u00a0Misafirlerimizden, ziyaret\u00e7ilerimizden, i\u015f ba\u011flant\u0131lar\u0131m\u0131zdan (seyahat acentesi, tedarik\u00e7i, alt y\u00fcklenici gibi her t\u00fcrl\u00fc i\u015f ili\u015fkisinde bulundu\u011fumuz yetkili ve personelden) toplad\u0131\u011f\u0131m\u0131z veriler, \u0130lgili Ki\u015finin ad\u0131, soyad\u0131, T.C. kimlik numaras\u0131, uyruk, ara\u00e7 plaka bilgisi, kimlik fotokopisi gibi ki\u015finin kimli\u011fine dair verilerdir.<\/li>\n<li><strong>\u0130leti\u015fim Verileri :\u00a0<\/strong>Misafirlerimizden, ziyaret\u00e7ilerimizden, i\u015f ba\u011flant\u0131lar\u0131m\u0131zdan (seyahat acentesi, tedarik\u00e7i, alt y\u00fcklenici gibi her t\u00fcrl\u00fc i\u015f ili\u015fkisinde bulundu\u011fumuz yetkili ve personelden) toplad\u0131\u011f\u0131m\u0131z telefon numaras\u0131, adres, e-posta adresi gibi ki\u015fi ile ileti\u015fim kurulmas\u0131n\u0131 sa\u011flayan verilerdir.<\/li>\n<li><strong>\u0130lgili Ki\u015finin Yak\u0131nlar\u0131na\u00a0ait Veriler:\u00a0<\/strong>\u0130lgili mevzuat gere\u011fi ve\/veya \u015eirketimiz veya ilgili ki\u015finin hukuki ve di\u011fer menfaatlerini korumak amac\u0131yla misafirlerimizden toplad\u0131\u011f\u0131m\u0131z ilgili ki\u015finin aile bireyleri, yak\u0131nlar\u0131 veya konaklama s\u0131ras\u0131nda beraberinizdeki ki\u015filer hakk\u0131nda verilerdir.<\/li>\n<\/ul>\n<ul class=\"wp-block-list\">\n<li><strong>Finansal Veriler :\u00a0<\/strong>\u015eirketimizin veri sahibi ilgili ki\u015fi ile kurmu\u015f oldu\u011fu hukuki ili\u015fkiye g\u00f6re misafirlerimizden ve i\u015f ba\u011flant\u0131lar\u0131m\u0131zdan toplad\u0131\u011f\u0131m\u0131z \u00fccret, maa\u015f bilgisi, \u00f6deme bilgisi, kredi kart\u0131 bilgisi gibi verilerdir.<\/li>\n<li><strong>\u00d6zl\u00fck Verileri :\u00a0<\/strong>Alt y\u00fcklenici ve benzeri i\u015f ili\u015fkisinde bulundu\u011fumuz kurum yetkili ve \u00e7al\u0131\u015fanlar\u0131ndan toplad\u0131\u011f\u0131m\u0131z \u015eirketimiz ile \u00e7al\u0131\u015fma ili\u015fkisi i\u00e7erisinde olan ger\u00e7ek ki\u015filerin \u00f6zl\u00fck haklar\u0131n\u0131n olu\u015fmas\u0131na temel olan her t\u00fcrl\u00fc ki\u015fisel veridir.<\/li>\n<li><strong>Fiziksel Mek\u00e2n G\u00fcvenlik Verileri:\u00a0<\/strong>Misafirlerimizden, ziyaret\u00e7ilerimizden, i\u015f ba\u011flant\u0131lar\u0131m\u0131zdan (alt y\u00fcklenici ve benzeri i\u015f ili\u015fkisinde bulundu\u011fumuz kurum yetkili ve \u00e7al\u0131\u015fanlar\u0131ndan) fiziksel mek\u00e2na giri\u015fte ve mek\u00e2n\u0131n i\u00e7erisinde kal\u0131\u015f s\u0131ras\u0131nda al\u0131nan g\u00fcvenlik ve kamera kay\u0131tlar\u0131 gibi ki\u015fisel verilerdir.<\/li>\n<li><strong>G\u00f6rsel \/ \u0130\u015fitsel Veriler :\u00a0<\/strong>Fiziksel mek\u00e2n g\u00fcvenlik bilgileri kapsam\u0131na girmeyen ve misafirlerimizden, i\u015f ba\u011flant\u0131lar\u0131m\u0131zdan (alt y\u00fcklenici, ta\u015feron gibi her t\u00fcrl\u00fc i\u015f ili\u015fkisinde bulundu\u011fumuz kurum hissedar, yetkili ve \u00e7al\u0131\u015fanlar\u0131ndan) toplad\u0131\u011f\u0131m\u0131z foto\u011fraf, ses ve g\u00f6r\u00fcnt\u00fc kayd\u0131 gibi ki\u015fisel verilerdir.<\/li>\n<li><strong>\u0130\u015flem Verileri :\u00a0<\/strong>Misafirlerimizden toplad\u0131\u011f\u0131m\u0131z rezervasyon bilgileri, konaklama veya ziyarete ili\u015fkin kay\u0131tlar, \u00fcr\u00fcn veya hizmet sat\u0131n alma i\u015flemleri, \u00fcyelik bilgileri, konaklamaya ili\u015fkin ba\u011flant\u0131l\u0131 olunan gruplar ve etkinlikler, misafir tercihleri gibi misafirin ger\u00e7ekle\u015ftirdi\u011fi i\u015flemlere ili\u015fkin ki\u015fisel verilerdir.<\/li>\n<li><strong>\u0130leti\u015fim ve \u015eikayet Y\u00f6netimi Verileri:\u00a0<\/strong>\u015eirketimize y\u00f6nelik her t\u00fcrl\u00fc talep veya \u015fik\u00e2yetin al\u0131nmas\u0131 ve de\u011ferlendirilmesi s\u00fcre\u00e7lerinde misafirlerimizden, ziyaret\u00e7ilerimizden, i\u015f ba\u011flant\u0131lar\u0131m\u0131zdan (seyahat acentesi, tedarik\u00e7i, alt y\u00fcklenici gibi her t\u00fcrl\u00fc i\u015f ili\u015fkisinde bulundu\u011fumuz kurum hissedar, yetkili ve \u00e7al\u0131\u015fanlar\u0131ndan) ve di\u011fer \u00fc\u00e7\u00fcnc\u00fc ki\u015filerden elde edilen ki\u015fisel verilerdir.<\/li>\n<li><strong>\u00d6zel Nitelikli Ki\u015fisel Veriler:\u00a0<\/strong>Misafirlerimizden, ziyaret\u00e7ilerimizden ve i\u015f ba\u011flant\u0131lar\u0131m\u0131zdan toplad\u0131\u011f\u0131m\u0131z KVKK\u2019n\u0131n 6. maddesinde belirtilen sa\u011fl\u0131k verileri, dernek vak\u0131f \u00fcyeli\u011fi, biyometrik veriler (ses ve g\u00f6r\u00fcnt\u00fc kay\u0131tlar\u0131), kan grubu ve adli sicil kayd\u0131 bilgisi gibi verilerdir.<\/li>\n<li><strong>Di\u011fer Veriler:\u00a0<\/strong>Misafirlerimizden, ziyaret\u00e7ilerimizden, i\u015f ba\u011flant\u0131lar\u0131m\u0131zdan (seyahat acentesi, tedarik\u00e7i, alt y\u00fcklenici gibi her t\u00fcrl\u00fc i\u015f ili\u015fkisinde bulundu\u011fumuz kurum hissedar, yetkili ve \u00e7al\u0131\u015fanlar\u0131ndan) ve di\u011fer \u00fc\u00e7\u00fcnc\u00fc ki\u015filerden toplad\u0131\u011f\u0131m\u0131z teknik i\u015flem g\u00fcvenli\u011fi i\u00e7in i\u015flenen veriler, risk y\u00f6netimi bilgileri, hukuki i\u015flem verileri, pazarlama verileri, lokasyon verileri, \u00e7erezler ve di\u011fer vas\u0131talar ile otomatik yollar ile toplanan verilerdir.<\/li>\n<li><strong>K\u0130\u015e\u0130SEL VER\u0130LER\u0130N\u0130Z\u0130 HANG\u0130 Y\u00d6NTEMLER VE HUKUK\u0130 SEBEPLERLE TOPLUYORUZ \/ \u0130\u015eL\u0130YORUZ?<\/strong><\/li>\n<\/ul>\n<p>Ki\u015fisel Verilerinizi, Rezervasyon, tesislerimize kay\u0131t\/giri\u015f ve tesislerimizdeki konaklama esnas\u0131nda bas\u0131l\u0131 ve elektronik formlar dahil sair ileti\u015fim y\u00f6ntemleri kanal\u0131yla,<\/p>\n<ul class=\"wp-block-list\">\n<li>\u0130nternet sitelerimiz, \u00e7e\u015fitli sosyal medya hesaplar\u0131m\u0131z \u00fczerinden<\/li>\n<li>Sat\u0131\u015f ve pazarlama faaliyetleri kapsam\u0131nda kulland\u0131\u011f\u0131m\u0131z e-posta, telefon, k\u0131sa mesajlar (\u201cSMS\u201d) veya multimedya mesajlar\u0131 (\u201cMMS\u201d), bas\u0131l\u0131 ve elektronik formlar dahil sair ileti\u015fim y\u00f6ntemleri kanal\u0131yla<\/li>\n<li>Otelimizde yer alan kapal\u0131 devre kamera sistemleri vas\u0131tas\u0131yla,<\/li>\n<li>Konaklama tesislerimizde yer alan uygulamalar (odalarda yer alan televizyon \u00fczerinden ileti g\u00f6nderme, vb.) arac\u0131l\u0131\u011f\u0131 ile<\/li>\n<li>Faaliyet alan\u0131m\u0131z dahilinde \u015fahs\u0131n\u0131zla veya yetkilisi oldu\u011funuz \u015firketle imzalad\u0131\u011f\u0131m\u0131z S\u00f6zle\u015fmeler, sunulan ticari teklifler, bas\u0131l\u0131 ve elektronik formlar, belgeler, yaz\u0131\u015fmalar,<\/li>\n<li>Ger\u00e7ekle\u015ftirdi\u011fimiz i\u015f g\u00f6r\u00fc\u015fmeleri ve etkinlikler kapsam\u0131nda taraf\u0131n\u0131zca verilen kartvizit ve sair belgeler arac\u0131l\u0131\u011f\u0131yla,<\/li>\n<\/ul>\n<p>Yukar\u0131daki y\u00f6ntemler do\u011frultusunda toplad\u0131\u011f\u0131m\u0131z ki\u015fisel verilerinizi a\u015fa\u011f\u0131da belirtilen hukuki sebeplerden bir veya birka\u00e7\u0131na dayanarak i\u015flemekteyiz:<\/p>\n<ul class=\"wp-block-list\">\n<li>A\u00e7\u0131k r\u0131zan\u0131z\u0131n bulunmas\u0131,<\/li>\n<li>T\u00fcrkiye Cumhuriyeti\u2019nde y\u00fcr\u00fcrl\u00fckte olan kanun ve y\u00f6netmelik h\u00fck\u00fcmlerinin i\u015flemeyi gerekli k\u0131lmas\u0131,<\/li>\n<li>Fiili imk\u00e2ns\u0131zl\u0131k nedeniyle r\u0131zan\u0131z\u0131 a\u00e7\u0131klayamayacak durumdayken \u015fahs\u0131n\u0131z\u0131n veya bir ba\u015fkas\u0131n\u0131n ya\u015fam\u0131 veya v\u00fccut b\u00fct\u00fcnl\u00fc\u011f\u00fcn\u00fcn korunmas\u0131 i\u00e7in zorunlu olmas\u0131,<\/li>\n<li>Taraf\u0131n\u0131z veya yasal yetkilisi oldu\u011funuz \u015firket ile imza edilecek s\u00f6zle\u015fmenin kurulmas\u0131\/ifas\u0131 i\u00e7in gerekli olmas\u0131,<\/li>\n<li>Yasal y\u00fck\u00fcml\u00fcl\u00fcklerimizin yerine getirilmesi amac\u0131yla ki\u015fisel verilerinizin i\u015flenmesinin gerekli olmas\u0131,<\/li>\n<li>Ki\u015fisel verinizin taraf\u0131n\u0131zca alenile\u015ftirilmi\u015f olmas\u0131,<\/li>\n<li>\u015eirket olarak yasal veya s\u00f6zle\u015fmesel haklar\u0131m\u0131z\u0131n kullan\u0131lmas\u0131 veya korunmas\u0131 i\u00e7in gerekli olmas\u0131,<\/li>\n<li>Temel hak ve \u00f6zg\u00fcrl\u00fcklerinize zarar vermemek kayd\u0131yla ki\u015fisel verilerinizin i\u015flenmesinin\u00a0<strong>me\u015fru menfaatimiz<\/strong>\u00a0i\u00e7in gerekli olmas\u0131.<\/li>\n<\/ul>\n<p>\u0130\u015fledi\u011fimiz t\u00fcm ki\u015fisel verilerinizi, KVKK ve di\u011fer mevzuatta zorunlu k\u0131l\u0131nan s\u00fcrelere uygun \u015fekilde ve her hal\u00fck\u00e2rda yukar\u0131daki me\u015fru ama\u00e7lar ortadan kalkmad\u0131\u011f\u0131 m\u00fcddet\u00e7e gerekli t\u00fcm idari ve teknik tedbirleri almak suretiyle muhafaza etmekteyiz.<\/p>\n<ul class=\"wp-block-list\">\n<li><strong>K\u0130\u015e\u0130SEL VER\u0130LER\u0130N\u0130Z\u0130 HANG\u0130 AMA\u00c7LA \u0130\u015eL\u0130YORUZ?<\/strong><\/li>\n<\/ul>\n<p>Toplad\u0131\u011f\u0131m\u0131z Ki\u015fisel Verilerinizi niteli\u011fine g\u00f6re a\u015fa\u011f\u0131daki ama\u00e7larla i\u015fliyoruz:<\/p>\n<ul class=\"wp-block-list\">\n<li>Ulusal ve uluslararas\u0131 mevzuata uyum sa\u011flamak, kamu kurum ve kurulu\u015flar\u0131 taraf\u0131ndan talep edilen bilgilerin temin etmek ve raporlama y\u00fck\u00fcml\u00fcl\u00fcklerimizi yerine getirmek,<\/li>\n<li>Hukuki haklar\u0131m\u0131z\u0131 korumak, hukuki y\u00fck\u00fcml\u00fcl\u00fcklerimizi yerine getirmek,<\/li>\n<li>Konaklama hizmetlerimize ili\u015fkin rezervasyon i\u015flemlerinin yerine getirilmesi,<\/li>\n<li>Konaklama hizmetlerinin ifas\u0131, taraf\u0131n\u0131za sunulan hizmetler ile talep ve beklentilerinizin ger\u00e7ekle\u015ftirilmesi, misafirlerimize arzu edilen d\u00fczeyde konukseverlik ve ki\u015fisel deneyim sunulabilmesi,<\/li>\n<li>Windsor Hotel \u0130stanbul taraf\u0131ndan sunulan hizmetlere y\u00f6nelik reklam ve pazarlama faaliyetlerinin y\u00fcr\u00fct\u00fclerek tan\u0131t\u0131m, promosyon, kampanya, teklif, b\u00fclten, etkinlik ve benzeri konularda bilgilendirme yapmak,<\/li>\n<li>Otelcilik faaliyetlerimiz kapsam\u0131ndaki hizmetleri hakk\u0131nda bilgilendirme yapmak amac\u0131yla misafirlerimiz ve i\u015f ba\u011flant\u0131lar\u0131m\u0131z ile do\u011frudan ileti\u015fim kurulmas\u0131;<\/li>\n<li>Kurumsal ileti\u015fim faaliyetlerinin y\u00fcr\u00fct\u00fclmesi, \u00fcr\u00fcn ve hizmetlerin ilgili ki\u015filerin be\u011feni, kullan\u0131m al\u0131\u015fkanl\u0131klar\u0131 ve ihtiya\u00e7lar\u0131na g\u00f6re ki\u015fiselle\u015ftirilerek sunulmas\u0131;<\/li>\n<li>Misafir \u0130li\u015fkilerinin taleplere uygun olarak y\u00f6netilmesi,<\/li>\n<li>Kurumsal ileti\u015fim ve bu kapsamda sair etkinlik, kampanya ve davetlerin d\u00fczenlenmesi ve bunlar hakk\u0131nda bilgilendirme yapmak pazar ara\u015ft\u0131rma \u00e7al\u0131\u015fmalar\u0131n\u0131 y\u00fcr\u00fctmek,<\/li>\n<li>\u0130lgili ki\u015filerden gelen talep, \u00f6neri ve \u015fikayetlerin takibi, de\u011ferlendirilmesi bu kapsamda memnuniyet de\u011ferlendirme \u00e7al\u0131\u015fmalar\u0131n\u0131n uygulanmas\u0131<\/li>\n<li>\u00c7\u00f6z\u00fcm ortaklar\u0131m\u0131z ile olan ili\u015fkilerin y\u00f6netimi, i\u015f ve ticari ili\u015fkilerin y\u00fcr\u00fct\u00fclmesi;<\/li>\n<li>\u0130\u015f sa\u011fl\u0131\u011f\u0131 ve g\u00fcvenli\u011fi s\u00fcre\u00e7lerinin planlanmas\u0131 ile Windsor Hotel \u0130stanbul\u2019 un fiziksel g\u00fcvenli\u011finin ve denetiminin sa\u011flanmas\u0131<\/li>\n<li>Ticari, hukuki ve i\u015f stratejilerinin belirlenmesi ve uygulanmas\u0131;<\/li>\n<li>Mali i\u015flere ili\u015fkin politikalar\u0131n\u0131n y\u00fcr\u00fct\u00fclmesi; e-fatura y\u00f6netimi; hukuki ili\u015fkinin sona ermesinden sonra i\u015flem ge\u00e7mi\u015fine ili\u015fkin bilgilerin uyu\u015fmazl\u0131k halinde delil olarak kullan\u0131lmas\u0131;<\/li>\n<li>Bilgi g\u00fcvenli\u011fi s\u00fcre\u00e7lerinin planlanmas\u0131, denetimi ve y\u00fcr\u00fct\u00fclmesi, bilgi teknolojileri altyap\u0131s\u0131n\u0131n y\u00f6netimi;<\/li>\n<li>\u015eirketimiz faaliyetleri kapsam\u0131nda planlama, raporlama, ziyaret\u00e7i\/m\u00fc\u015fteri istatistikleri ve benzeri incelemelerin yap\u0131lmas\u0131<\/li>\n<\/ul>\n<ul class=\"wp-block-list\">\n<li><strong>K\u0130\u015e\u0130SEL VER\u0130LER\u0130N\u0130Z\u0130 3. K\u0130\u015e\u0130LERE VE\/VEYA YURTDI\u015eINA AKTARIYOR MUYUZ?<\/strong><strong><br \/><\/strong>Elde etti\u011fimiz ki\u015fisel verilerinizi yukar\u0131da belirtti\u011fimiz hukuki sebeplerin varl\u0131\u011f\u0131 halinde ve belirtilen ama\u00e7lar do\u011frultusunda; \u015eirketimiz faaliyetlerini ve i\u015f s\u00fcre\u00e7lerini devam ettirmek i\u00e7in \u015eirketimize hizmet sunan i\u015f ortaklar\u0131m\u0131za, i\u015fbirli\u011fi yapt\u0131\u011f\u0131m\u0131z acentelerimiz ve \u00e7evrimi\u00e7i otel rezervasyon servisi sunan i\u015f ba\u011flant\u0131lar\u0131m\u0131za, tedarik\u00e7ilerimize, tesis i\u00e7i hizmet sunan \u00fc\u00e7\u00fcnc\u00fc taraf hizmet sa\u011flay\u0131c\u0131lar\u0131m\u0131za, sigorta \u015firketlerimize, banka ve finans kurulu\u015flar\u0131na, hukuk, vergi vb. benzeri alanlarda destek ald\u0131\u011f\u0131m\u0131z dan\u0131\u015fmanl\u0131k firmalar\u0131m\u0131za, \u015eirket yetkililerine, payda\u015flar\u0131m\u0131za, kamu kurumlar\u0131na ve \u00f6zel ki\u015filere, \u015eirketimiz ad\u0131na ki\u015fisel veri i\u015fleyen yurt i\u00e7i ve\/veya yurt d\u0131\u015f\u0131nda depolama, ar\u015fivleme, bili\u015fim teknolojileri deste\u011fi (sunucu, hosting, yaz\u0131l\u0131m, bulut bili\u015fim vb.) alanlar\u0131nda destek ald\u0131\u011f\u0131m\u0131z hizmet sa\u011flay\u0131c\u0131lar\u0131m\u0131za, KVKK kapsam\u0131nda d\u00fczenlenen h\u00fck\u00fcmlere uygun olmak \u015fart\u0131yla aktarabiliriz.<\/li>\n<\/ul>\n<ul class=\"wp-block-list\">\n<li><strong>K\u0130\u015e\u0130SEL VER\u0130 SAH\u0130B\u0130N\u0130N KVKK KAPSAMINDA SAYILAN HAKLARI \u0130LE BA\u015eVURU USUL VE ESASLARI<\/strong><\/li>\n<li><strong>Ki\u015fisel Verilerinize \u0130li\u015fkin Haklar\u0131n\u0131z<\/strong><\/li>\n<\/ul>\n<p>KVKK Madde 11 h\u00fck\u00fcmleri uyar\u0131nca ki\u015fisel verilerinize ili\u015fkin olarak a\u015fa\u011f\u0131daki haklar\u0131n\u0131z bulunmaktad\u0131r.<\/p>\n<ul class=\"wp-block-list\">\n<li>Ki\u015fisel veri i\u015flenip i\u015flenmedi\u011fini \u00f6\u011frenme,<\/li>\n<li>Ki\u015fisel verileri i\u015flenmi\u015fse buna ili\u015fkin bilgi talep etme,<\/li>\n<li>Ki\u015fisel verilerin i\u015flenme amac\u0131n\u0131 ve bunlar\u0131n amac\u0131na uygun kullan\u0131l\u0131p kullan\u0131lmad\u0131\u011f\u0131n\u0131 \u00f6\u011frenme,<\/li>\n<li>Yurt i\u00e7inde veya yurt d\u0131\u015f\u0131nda ki\u015fisel verilerin aktar\u0131ld\u0131\u011f\u0131 \u00fc\u00e7\u00fcnc\u00fc ki\u015fileri bilme,<\/li>\n<li>Ki\u015fisel verilerin eksik veya yanl\u0131\u015f i\u015flenmi\u015f olmas\u0131 h\u00e2linde bunlar\u0131n d\u00fczeltilmesini isteme,<\/li>\n<li>Ki\u015fisel verilerin silinmesini veya yok edilmesini isteme,<\/li>\n<li>Ki\u015fisel verilerin d\u00fczeltilmesi, silinmesi ya da yok edilmesi halinde bu i\u015flemlerin ki\u015fisel verilerin aktar\u0131ld\u0131\u011f\u0131 \u00fc\u00e7\u00fcnc\u00fc ki\u015filere bildirilmesini isteme,<\/li>\n<li>\u0130\u015flenen verilerin m\u00fcnhas\u0131ran otomatik sistemler vas\u0131tas\u0131yla analiz edilmesi suretiyle ki\u015finin kendisi aleyhine bir sonucun ortaya \u00e7\u0131kmas\u0131na itiraz etme,<\/li>\n<li>Ki\u015fisel verilerin kanuna ayk\u0131r\u0131 olarak i\u015flenmesi sebebiyle zarara u\u011framas\u0131 h\u00e2linde zarar\u0131n giderilmesini talep etme.<\/li>\n<\/ul>\n<p>Windsor Hotel \u0130stanbul, veri sorumlusu olarak, kendisine y\u00f6neltilen talepleri, talebin niteli\u011fine g\u00f6re en k\u0131sa s\u00fcrede ve en ge\u00e7 otuz g\u00fcn i\u00e7erisinde \u00fccretsiz olarak sonu\u00e7land\u0131racakt\u0131r. Taleplerinizin yerine getirilmesi sebebiyle bir maliyet do\u011fmas\u0131 h\u00e2linde yaln\u0131zca Ki\u015fisel Verileri Koruma Kurulunca belirlenen tarifedeki \u00fccretleri sizden talep edebiliriz<\/p>\n<p>Taraf\u0131m\u0131za y\u00f6neltilen talepleri kabul edebilir veya gerek\u00e7esini a\u00e7\u0131klamak suretiyle reddedebilir ve bu cevab\u0131 yaz\u0131l\u0131 olarak veya elektronik ortamda talepte bulunan ki\u015fiye iletebiliriz.<\/p>\n<ul class=\"wp-block-list\">\n<li><strong>\u015eikayet<\/strong><\/li>\n<\/ul>\n<p>Windsor Hotel \u0130stanbul\u2019a y\u00f6neltmi\u015f oldu\u011funuz taleplerin \u015eirket taraf\u0131ndan reddedilmesi, \u015eirket taraf\u0131ndan verilen cevaptan memnun kalmaman\u0131z veya cevap verilmemesi halinde, cevab\u0131n taraf\u0131n\u0131za bildirildi\u011fi tarihten itibaren 30 g\u00fcn ve cevap verilmemesi halinde 30 g\u00fcnl\u00fck s\u00fcrenin sonundan itibaren 30 g\u00fcn i\u00e7erisinde Ki\u015fisel Verileri Koruma Kurulu\u2019na \u015fik\u00e2yette bulunabilirsiniz.<\/p>\n<ul class=\"wp-block-list\">\n<li><strong>VER\u0130 SORUMLUSU K\u0130ML\u0130K VE \u0130LET\u0130\u015e\u0130M B\u0130LG\u0130LER\u0130<\/strong><\/li>\n<\/ul>\n<p>KVKK kapsam\u0131ndaki taleplerinizi dilek\u00e7e ile yukar\u0131da yer verilen adresimize bizzat elden veya iadeli taahh\u00fctl\u00fc posta yoluyla iletebilirsiniz.<\/p>\t\t\t\t\t\t\t\t<\/div>\n\t\t\t\t\t<\/div>\n\t\t\t\t<\/div>\n\t\t\t\t<\/div>","protected":false},"excerpt":{"rendered":"<p>\u0130\u015fbu Ayd\u0131nlatma Beyan\u0131, 6698 say\u0131l\u0131 Ki\u015fisel Verilerin Korunmas\u0131 Kanunu (\u201cKVKK\u201d) Madde 10 uyar\u0131nca d\u00fczenlenmi\u015ftir. VER\u0130 SORUMLUSU Veri Sorumlusu \u0130stanbul Ticaret Sicil M\u00fcd\u00fcrl\u00fc\u011f\u00fcne 688561-0 sicil numaras\u0131 ile kay\u0131tl\u0131 ve merkezi \u201cYenido\u011fan Mah. Erciyes Sok. No:7 Bayrampa\u015fa\/ \u0130stanbul\u201d adresinde bulunan \u0130KON YAPI [&hellip;]<\/p>","protected":false},"author":1,"featured_media":0,"parent":0,"menu_order":7,"comment_status":"closed","ping_status":"closed","template":"","meta":{"footnotes":""},"class_list":["post-2163","page","type-page","status-publish","hentry"],"_links":{"self":[{"href":"https:\/\/windsoristanbul.com\/en\/wp-json\/wp\/v2\/pages\/2163","targetHints":{"allow":["GET"]}}],"collection":[{"href":"https:\/\/windsoristanbul.com\/en\/wp-json\/wp\/v2\/pages"}],"about":[{"href":"https:\/\/windsoristanbul.com\/en\/wp-json\/wp\/v2\/types\/page"}],"author":[{"embeddable":true,"href":"https:\/\/windsoristanbul.com\/en\/wp-json\/wp\/v2\/users\/1"}],"replies":[{"embeddable":true,"href":"https:\/\/windsoristanbul.com\/en\/wp-json\/wp\/v2\/comments?post=2163"}],"version-history":[{"count":7,"href":"https:\/\/windsoristanbul.com\/en\/wp-json\/wp\/v2\/pages\/2163\/revisions"}],"predecessor-version":[{"id":3699,"href":"https:\/\/windsoristanbul.com\/en\/wp-json\/wp\/v2\/pages\/2163\/revisions\/3699"}],"wp:attachment":[{"href":"https:\/\/windsoristanbul.com\/en\/wp-json\/wp\/v2\/media?parent=2163"}],"curies":[{"name":"wp","href":"https:\/\/api.w.org\/{rel}","templated":true}]}}